{"id":106,"date":"2022-05-25T16:52:28","date_gmt":"2022-05-25T19:52:28","modified":"2025-06-19T15:05:51","modified_gmt":"2025-06-19T18:05:51","slug":"perguntas-frequentes","status":"publish","type":"page","link":"https:\/\/gc.adventistas.org\/pt\/perguntas-frequentes\/","title":{"rendered":"Perguntas Frequentes"},"content":{"rendered":"\t\t<div data-elementor-type=\"wp-page\" data-elementor-id=\"106\" class=\"elementor elementor-106\" data-elementor-post-type=\"page\">\n\t\t\t\t\t\t<section class=\"elementor-section elementor-top-section elementor-element elementor-element-b06b707 elementor-section-boxed elementor-section-height-default elementor-section-height-default\" data-id=\"b06b707\" data-element_type=\"section\">\n\t\t\t\t\t\t<div class=\"elementor-container elementor-column-gap-default\">\n\t\t\t\t\t<div class=\"elementor-column elementor-col-100 elementor-top-column elementor-element elementor-element-e76bb1a\" data-id=\"e76bb1a\" data-element_type=\"column\">\n\t\t\t<div class=\"elementor-widget-wrap elementor-element-populated\">\n\t\t\t\t\t\t<div class=\"elementor-element elementor-element-f47a374 elementor-widget elementor-widget-html\" data-id=\"f47a374\" data-element_type=\"widget\" data-widget_type=\"html.default\">\n\t\t\t\t<div class=\"elementor-widget-container\">\n\t\t\t\t\t<style>\n    #main > div > div > article > header {\n        display: none;\n    }\n    \n    #main > div > div > article > footer > a.btn-grey.p-\\[18px\\] {\n        display: none;\n    }\n    \n    #main > div > div > article > footer > a.btn-secondary.py-3.px-6.text-base {\n        background: #203760;\n        color: white;\n        border-radius: 16px\n    }\n<\/style>\n\t\t\t\t<\/div>\n\t\t\t\t<\/div>\n\t\t\t\t<div class=\"elementor-element elementor-element-6e0b5c3 elementor-widget elementor-widget-heading\" data-id=\"6e0b5c3\" data-element_type=\"widget\" data-widget_type=\"heading.default\">\n\t\t\t\t<div class=\"elementor-widget-container\">\n\t\t\t\t\t<h2 class=\"elementor-heading-title elementor-size-default\">FAQ<\/h2>\t\t\t\t<\/div>\n\t\t\t\t<\/div>\n\t\t\t\t<div class=\"elementor-element elementor-element-42d1164 elementor-widget elementor-widget-heading\" data-id=\"42d1164\" data-element_type=\"widget\" data-widget_type=\"heading.default\">\n\t\t\t\t<div class=\"elementor-widget-container\">\n\t\t\t\t\t<h2 class=\"elementor-heading-title elementor-size-default\">Perguntas frequentes<\/h2>\t\t\t\t<\/div>\n\t\t\t\t<\/div>\n\t\t\t\t\t<\/div>\n\t\t<\/div>\n\t\t\t\t\t<\/div>\n\t\t<\/section>\n\t\t\t\t<section class=\"elementor-section elementor-top-section elementor-element elementor-element-bd71155 elementor-section-boxed elementor-section-height-default elementor-section-height-default\" data-id=\"bd71155\" data-element_type=\"section\">\n\t\t\t\t\t\t<div class=\"elementor-container elementor-column-gap-default\">\n\t\t\t\t\t<div class=\"elementor-column elementor-col-100 elementor-top-column elementor-element elementor-element-84acdb4\" data-id=\"84acdb4\" data-element_type=\"column\">\n\t\t\t<div class=\"elementor-widget-wrap elementor-element-populated\">\n\t\t\t\t\t\t\t<\/div>\n\t\t<\/div>\n\t\t\t\t\t<\/div>\n\t\t<\/section>\n\t\t<div class=\"elementor-element elementor-element-2047986 e-flex e-con-boxed e-con e-parent\" data-id=\"2047986\" data-element_type=\"container\">\n\t\t\t\t\t<div class=\"e-con-inner\">\n\t\t\t\t<div class=\"elementor-element elementor-element-fbc6ab1 elementor-widget elementor-widget-n-accordion\" data-id=\"fbc6ab1\" data-element_type=\"widget\" data-settings=\"{&quot;default_state&quot;:&quot;expanded&quot;,&quot;max_items_expended&quot;:&quot;one&quot;,&quot;n_accordion_animation_duration&quot;:{&quot;unit&quot;:&quot;ms&quot;,&quot;size&quot;:400,&quot;sizes&quot;:[]}}\" data-widget_type=\"nested-accordion.default\">\n\t\t\t\t<div class=\"elementor-widget-container\">\n\t\t\t\t\t\t\t<div class=\"e-n-accordion\" aria-label=\"Accordion. Open links with Enter or Space, close with Escape, and navigate with Arrow Keys\">\n\t\t\t\t\t\t<details id=\"e-n-accordion-item-2640\" class=\"e-n-accordion-item\" open>\n\t\t\t\t<summary class=\"e-n-accordion-item-title\" data-accordion-index=\"1\" tabindex=\"0\" aria-expanded=\"true\" aria-controls=\"e-n-accordion-item-2640\" >\n\t\t\t\t\t<span class='e-n-accordion-item-title-header'><div class=\"e-n-accordion-item-title-text\"> Por que a Igreja Adventista realiza uma Assembleia a cada 5 anos?<br>  Qual \u00e9 o prop\u00f3sito da assembleia da Associa\u00e7\u00e3o Geral? <\/div><\/span>\n\t\t\t\t\t\t\t<span class='e-n-accordion-item-title-icon'>\n\t\t\t<span class='e-opened' ><i aria-hidden=\"true\" class=\"fas fa-chevron-up\"><\/i><\/span>\n\t\t\t<span class='e-closed'><i aria-hidden=\"true\" class=\"fas fa-chevron-down\"><\/i><\/span>\n\t\t<\/span>\n\n\t\t\t\t\t\t<\/summary>\n\t\t\t\t<div role=\"region\" aria-labelledby=\"e-n-accordion-item-2640\" class=\"elementor-element elementor-element-c76b6a3 e-con-full e-flex e-con e-child\" data-id=\"c76b6a3\" data-element_type=\"container\">\n\t\t<div role=\"region\" aria-labelledby=\"e-n-accordion-item-2640\" class=\"elementor-element elementor-element-70d68a1 e-flex e-con-boxed e-con e-child\" data-id=\"70d68a1\" data-element_type=\"container\">\n\t\t\t\t\t<div class=\"e-con-inner\">\n\t\t\t\t<div class=\"elementor-element elementor-element-9c55139 elementor-widget elementor-widget-text-editor\" data-id=\"9c55139\" data-element_type=\"widget\" data-widget_type=\"text-editor.default\">\n\t\t\t\t<div class=\"elementor-widget-container\">\n\t\t\t\t\t\t\t\t\tA Assembleia da Associa\u00e7\u00e3o Geral \u00e9 um encontro espiritual mundial e uma reuni\u00e3o constitucionalmente exigida, realizada a cada cinco anos desde 1970. Seu prop\u00f3sito \u00e9 escolher a lideran\u00e7a mundial, definir a dire\u00e7\u00e3o da Igreja pelos pr\u00f3ximos cinco anos e votar mudan\u00e7as na Constitui\u00e7\u00e3o, Cren\u00e7as Fundamentais e Manual da Igreja.\t\t\t\t\t\t\t\t<\/div>\n\t\t\t\t<\/div>\n\t\t\t\t\t<\/div>\n\t\t\t\t<\/div>\n\t\t\t\t<\/div>\n\t\t\t\t\t<\/details>\n\t\t\t\t\t\t<details id=\"e-n-accordion-item-2641\" class=\"e-n-accordion-item\" >\n\t\t\t\t<summary class=\"e-n-accordion-item-title\" data-accordion-index=\"2\" tabindex=\"-1\" aria-expanded=\"false\" aria-controls=\"e-n-accordion-item-2641\" >\n\t\t\t\t\t<span class='e-n-accordion-item-title-header'><div class=\"e-n-accordion-item-title-text\"> \u00c9 preciso ser um delegado para assistir ao evento? Quantos s\u00e3o os delegados? Como eles s\u00e3o <br>escolhidos? Qual o trabalho deles? <\/div><\/span>\n\t\t\t\t\t\t\t<span class='e-n-accordion-item-title-icon'>\n\t\t\t<span class='e-opened' ><i aria-hidden=\"true\" class=\"fas fa-chevron-up\"><\/i><\/span>\n\t\t\t<span class='e-closed'><i aria-hidden=\"true\" class=\"fas fa-chevron-down\"><\/i><\/span>\n\t\t<\/span>\n\n\t\t\t\t\t\t<\/summary>\n\t\t\t\t<div role=\"region\" aria-labelledby=\"e-n-accordion-item-2641\" class=\"elementor-element elementor-element-c26329f e-con-full e-flex e-con e-child\" data-id=\"c26329f\" data-element_type=\"container\">\n\t\t<div role=\"region\" aria-labelledby=\"e-n-accordion-item-2641\" class=\"elementor-element elementor-element-2ba820f e-flex e-con-boxed e-con e-child\" data-id=\"2ba820f\" data-element_type=\"container\">\n\t\t\t\t\t<div class=\"e-con-inner\">\n\t\t\t\t<div class=\"elementor-element elementor-element-e2811cb elementor-widget elementor-widget-text-editor\" data-id=\"e2811cb\" data-element_type=\"widget\" data-widget_type=\"text-editor.default\">\n\t\t\t\t<div class=\"elementor-widget-container\">\n\t\t\t\t\t\t\t\t\t<p>A Assembleia da Associa\u00e7\u00e3o Geral \u00e9 uma reuni\u00e3o aberta \u2013 qualquer pessoa pode assistir \u2013, mas apenas os delegados e convidados podem falar, e apenas delegados podem votar. Cada sede administrativa para um ou mais Estados (Uni\u00f5es) nomeia delegados para representar seu territ\u00f3rio. Al\u00e9m disso, s\u00e3o selecionados delegados para representar as principais institui\u00e7\u00f5es da Igreja.<\/p>\t\t\t\t\t\t\t\t<\/div>\n\t\t\t\t<\/div>\n\t\t\t\t\t<\/div>\n\t\t\t\t<\/div>\n\t\t\t\t<\/div>\n\t\t\t\t\t<\/details>\n\t\t\t\t\t\t<details id=\"e-n-accordion-item-2642\" class=\"e-n-accordion-item\" >\n\t\t\t\t<summary class=\"e-n-accordion-item-title\" data-accordion-index=\"3\" tabindex=\"-1\" aria-expanded=\"false\" aria-controls=\"e-n-accordion-item-2642\" >\n\t\t\t\t\t<span class='e-n-accordion-item-title-header'><div class=\"e-n-accordion-item-title-text\"> Como os membros se beneficiam ao comparecer \u00e0 Assembleia? <\/div><\/span>\n\t\t\t\t\t\t\t<span class='e-n-accordion-item-title-icon'>\n\t\t\t<span class='e-opened' ><i aria-hidden=\"true\" class=\"fas fa-chevron-up\"><\/i><\/span>\n\t\t\t<span class='e-closed'><i aria-hidden=\"true\" class=\"fas fa-chevron-down\"><\/i><\/span>\n\t\t<\/span>\n\n\t\t\t\t\t\t<\/summary>\n\t\t\t\t<div role=\"region\" aria-labelledby=\"e-n-accordion-item-2642\" class=\"elementor-element elementor-element-3da33a7 e-con-full e-flex e-con e-child\" data-id=\"3da33a7\" data-element_type=\"container\">\n\t\t<div role=\"region\" aria-labelledby=\"e-n-accordion-item-2642\" class=\"elementor-element elementor-element-6db1803 e-flex e-con-boxed e-con e-child\" data-id=\"6db1803\" data-element_type=\"container\">\n\t\t\t\t\t<div class=\"e-con-inner\">\n\t\t\t\t<div class=\"elementor-element elementor-element-deaf88f elementor-widget elementor-widget-text-editor\" data-id=\"deaf88f\" data-element_type=\"widget\" data-widget_type=\"text-editor.default\">\n\t\t\t\t<div class=\"elementor-widget-container\">\n\t\t\t\t\t\t\t\t\t<p class=\"mb-4 md:mb-8 text-grey\">Os participantes ganham um conhecimento sobre a igreja mundial e como ela funciona. Eles literalmente ver\u00e3o mais pessoas de diferentes pa\u00edses e grupos de idiomas do que em qualquer outro encontro da Igreja e provavelmente do mundo.<\/p>\t\t\t\t\t\t\t\t<\/div>\n\t\t\t\t<\/div>\n\t\t\t\t\t<\/div>\n\t\t\t\t<\/div>\n\t\t\t\t<\/div>\n\t\t\t\t\t<\/details>\n\t\t\t\t\t\t<details id=\"e-n-accordion-item-2643\" class=\"e-n-accordion-item\" >\n\t\t\t\t<summary class=\"e-n-accordion-item-title\" data-accordion-index=\"4\" tabindex=\"-1\" aria-expanded=\"false\" aria-controls=\"e-n-accordion-item-2643\" >\n\t\t\t\t\t<span class='e-n-accordion-item-title-header'><div class=\"e-n-accordion-item-title-text\"> Como \u00e9 um t\u00edpico dia na Assembleia da Associa\u00e7\u00e3o Geral? <\/div><\/span>\n\t\t\t\t\t\t\t<span class='e-n-accordion-item-title-icon'>\n\t\t\t<span class='e-opened' ><i aria-hidden=\"true\" class=\"fas fa-chevron-up\"><\/i><\/span>\n\t\t\t<span class='e-closed'><i aria-hidden=\"true\" class=\"fas fa-chevron-down\"><\/i><\/span>\n\t\t<\/span>\n\n\t\t\t\t\t\t<\/summary>\n\t\t\t\t<div role=\"region\" aria-labelledby=\"e-n-accordion-item-2643\" class=\"elementor-element elementor-element-20336af e-con-full e-flex e-con e-child\" data-id=\"20336af\" data-element_type=\"container\">\n\t\t<div role=\"region\" aria-labelledby=\"e-n-accordion-item-2643\" class=\"elementor-element elementor-element-68d20ef e-flex e-con-boxed e-con e-child\" data-id=\"68d20ef\" data-element_type=\"container\">\n\t\t\t\t\t<div class=\"e-con-inner\">\n\t\t\t\t<div class=\"elementor-element elementor-element-fb90d07 elementor-widget elementor-widget-text-editor\" data-id=\"fb90d07\" data-element_type=\"widget\" data-widget_type=\"text-editor.default\">\n\t\t\t\t<div class=\"elementor-widget-container\">\n\t\t\t\t\t\t\t\t\t<p>Para aqueles que trabalham nos bastidores, o dia come\u00e7a com uma Comiss\u00e3o Diretiva para determinar os itens da agenda para o dia. A primeira reuni\u00e3o p\u00fablica \u00e9 no culto matinal, seguida de uma sess\u00e3o de trabalho com dura\u00e7\u00e3o at\u00e9 o almo\u00e7o. H\u00e1 outra sess\u00e3o de trabalho pela tarde. \u00c0 noite, as v\u00e1rias regi\u00f5es do mundo t\u00eam a chance de mostrar a miss\u00e3o, os desafios e as oportunidades, tudo apresentado com cor e toque de vestimentas e m\u00fasicas nacionais.<\/p>\t\t\t\t\t\t\t\t<\/div>\n\t\t\t\t<\/div>\n\t\t\t\t\t<\/div>\n\t\t\t\t<\/div>\n\t\t\t\t<\/div>\n\t\t\t\t\t<\/details>\n\t\t\t\t\t\t<details id=\"e-n-accordion-item-2644\" class=\"e-n-accordion-item\" >\n\t\t\t\t<summary class=\"e-n-accordion-item-title\" data-accordion-index=\"5\" tabindex=\"-1\" aria-expanded=\"false\" aria-controls=\"e-n-accordion-item-2644\" >\n\t\t\t\t\t<span class='e-n-accordion-item-title-header'><div class=\"e-n-accordion-item-title-text\"> Como funciona o processo de elei\u00e7\u00e3o dos oficiais da Igreja? Quais cargos ser\u00e3o ocupados na <br>Assembleia da Associa\u00e7\u00e3o Geral? Em que momento o presidente da Associa\u00e7\u00e3o Geral \u00e9 escolhido? <\/div><\/span>\n\t\t\t\t\t\t\t<span class='e-n-accordion-item-title-icon'>\n\t\t\t<span class='e-opened' ><i aria-hidden=\"true\" class=\"fas fa-chevron-up\"><\/i><\/span>\n\t\t\t<span class='e-closed'><i aria-hidden=\"true\" class=\"fas fa-chevron-down\"><\/i><\/span>\n\t\t<\/span>\n\n\t\t\t\t\t\t<\/summary>\n\t\t\t\t<div role=\"region\" aria-labelledby=\"e-n-accordion-item-2644\" class=\"elementor-element elementor-element-468a3a7 e-con-full e-flex e-con e-child\" data-id=\"468a3a7\" data-element_type=\"container\">\n\t\t<div role=\"region\" aria-labelledby=\"e-n-accordion-item-2644\" class=\"elementor-element elementor-element-9148658 e-flex e-con-boxed e-con e-child\" data-id=\"9148658\" data-element_type=\"container\">\n\t\t\t\t\t<div class=\"e-con-inner\">\n\t\t\t\t<div class=\"elementor-element elementor-element-654e5b3 elementor-widget elementor-widget-text-editor\" data-id=\"654e5b3\" data-element_type=\"widget\" data-widget_type=\"text-editor.default\">\n\t\t\t\t<div class=\"elementor-widget-container\">\n\t\t\t\t\t\t\t\t\tUma Comiss\u00e3o de Nomea\u00e7\u00f5es \u00e9 formada para escolher os oficiais da Associa\u00e7\u00e3o Geral, diretores e diretores associados de departamentos, e oficiais das regi\u00f5es administrativas da Associa\u00e7\u00e3o Geral (conhecidas como Divis\u00f5es). O presidente \u00e9 o primeiro a ser eleito, e ele se une \u00e0 Comiss\u00e3o de Nomea\u00e7\u00f5es para oferecer recomenda\u00e7\u00f5es a todas as outras nomea\u00e7\u00f5es, que a Comiss\u00e3o poder\u00e1 escolher aceitar ou rejeitar.\n\n\t\t\t\t\t\t\t\t<\/div>\n\t\t\t\t<\/div>\n\t\t\t\t\t<\/div>\n\t\t\t\t<\/div>\n\t\t\t\t<\/div>\n\t\t\t\t\t<\/details>\n\t\t\t\t\t\t<details id=\"e-n-accordion-item-2645\" class=\"e-n-accordion-item\" >\n\t\t\t\t<summary class=\"e-n-accordion-item-title\" data-accordion-index=\"6\" tabindex=\"-1\" aria-expanded=\"false\" aria-controls=\"e-n-accordion-item-2645\" >\n\t\t\t\t\t<span class='e-n-accordion-item-title-header'><div class=\"e-n-accordion-item-title-text\"> Como os membros da Igreja podem receber atualiza\u00e7\u00f5es sobre os acontecimentos e votos na Associa\u00e7\u00e3o Geral? <\/div><\/span>\n\t\t\t\t\t\t\t<span class='e-n-accordion-item-title-icon'>\n\t\t\t<span class='e-opened' ><i aria-hidden=\"true\" class=\"fas fa-chevron-up\"><\/i><\/span>\n\t\t\t<span class='e-closed'><i aria-hidden=\"true\" class=\"fas fa-chevron-down\"><\/i><\/span>\n\t\t<\/span>\n\n\t\t\t\t\t\t<\/summary>\n\t\t\t\t<div role=\"region\" aria-labelledby=\"e-n-accordion-item-2645\" class=\"elementor-element elementor-element-1b049d4 e-con-full e-flex e-con e-child\" data-id=\"1b049d4\" data-element_type=\"container\">\n\t\t<div role=\"region\" aria-labelledby=\"e-n-accordion-item-2645\" class=\"elementor-element elementor-element-e512ddd e-flex e-con-boxed e-con e-child\" data-id=\"e512ddd\" data-element_type=\"container\">\n\t\t\t\t\t<div class=\"e-con-inner\">\n\t\t\t\t<div class=\"elementor-element elementor-element-5c5dea8 elementor-widget elementor-widget-text-editor\" data-id=\"5c5dea8\" data-element_type=\"widget\" data-widget_type=\"text-editor.default\">\n\t\t\t\t<div class=\"elementor-widget-container\">\n\t\t\t\t\t\t\t\t\t<p class=\"mb-4 md:mb-8 text-grey\">Todas as informa\u00e7\u00f5es estar\u00e3o dispon\u00edveis em gc.adventistas.org, local que concentrar\u00e1 conte\u00fados produzidos por institui\u00e7\u00f5es da Igreja Adventista, como a Ag\u00eancia Adventista Sul-Americana de Not\u00edcias, Casa Publicadora Brasileira, R\u00e1dio e TV Novo Tempo, e <span class=\"s1\">Associa\u00e7\u00e3o Casa Editora Sul-Americana.<\/span><\/p>\t\t\t\t\t\t\t\t<\/div>\n\t\t\t\t<\/div>\n\t\t\t\t\t<\/div>\n\t\t\t\t<\/div>\n\t\t\t\t<\/div>\n\t\t\t\t\t<\/details>\n\t\t\t\t\t<\/div>\n\t\t\t\t\t\t<\/div>\n\t\t\t\t<\/div>\n\t\t\t\t\t<\/div>\n\t\t\t\t<\/div>\n\t\t\t\t<\/div>\n\t\t","protected":false},"excerpt":{"rendered":"<p>FAQ Perguntas frequentes Por que a Igreja Adventista realiza uma Assembleia a cada 5 anos? Qual \u00e9 o prop\u00f3sito da assembleia da Associa\u00e7\u00e3o Geral? A Assembleia da Associa\u00e7\u00e3o Geral \u00e9 um encontro espiritual mundial e uma reuni\u00e3o constitucionalmente exigida, realizada a cada cinco anos desde 1970. Seu prop\u00f3sito \u00e9 escolher a lideran\u00e7a mundial, definir a &hellip; <a href=\"https:\/\/gc.adventistas.org\/pt\/perguntas-frequentes\/\">Continued<\/a><\/p>\n","protected":false},"author":1,"featured_media":0,"parent":0,"menu_order":0,"comment_status":"closed","template":"elementor_theme","meta":{"_acf_changed":false,"footnotes":""},"class_list":["post-106","page","type-page","status-publish","hentry"],"acf":[]}