{"id":730,"date":"2025-06-25T09:31:40","date_gmt":"2025-06-25T12:31:40","modified":"2025-07-02T13:51:42","modified_gmt":"2025-07-02T16:51:42","slug":"canais","status":"publish","type":"page","link":"https:\/\/gc.adventistas.org\/pt\/canais\/","title":{"rendered":"Canais"},"content":{"rendered":"\t\t<div data-elementor-type=\"wp-page\" data-elementor-id=\"730\" class=\"elementor elementor-730\" data-elementor-post-type=\"page\">\n\t\t\t\t<div class=\"elementor-element elementor-element-2c9d83af e-flex e-con-boxed e-con e-parent\" data-id=\"2c9d83af\" data-element_type=\"container\">\n\t\t\t\t\t<div class=\"e-con-inner\">\n\t\t\t\t<div class=\"elementor-element elementor-element-6d7f8228 elementor-widget elementor-widget-html\" data-id=\"6d7f8228\" data-element_type=\"widget\" data-widget_type=\"html.default\">\n\t\t\t\t<div class=\"elementor-widget-container\">\n\t\t\t\t\t<style>\n    #main > div > div > article > header {\n        display: none;\n    }\n    \n    #main > div > div > article > footer > a.btn-grey.p-\\[18px\\] {\n        display: none;\n    }\n    \n    #main > div > div > article > footer > a.btn-secondary.py-3.px-6.text-base {\n        background: #203760;\n        color: white;\n        border-radius: 16px\n    }\n    \n    .font-informa-pro{\n        font-family: Informa Pro !important;\n    }\n<\/style>\n\t\t\t\t<\/div>\n\t\t\t\t<\/div>\n\t\t\t\t\t<\/div>\n\t\t\t\t<\/div>\n\t\t\t\t<section class=\"elementor-section elementor-top-section elementor-element elementor-element-5eaa2f1a elementor-section-boxed elementor-section-height-default elementor-section-height-default\" data-id=\"5eaa2f1a\" data-element_type=\"section\">\n\t\t\t\t\t\t<div class=\"elementor-container elementor-column-gap-default\">\n\t\t\t\t\t<div class=\"elementor-column elementor-col-100 elementor-top-column elementor-element elementor-element-29d7ee9f\" data-id=\"29d7ee9f\" data-element_type=\"column\">\n\t\t\t<div class=\"elementor-widget-wrap elementor-element-populated\">\n\t\t\t\t\t\t<div class=\"elementor-element elementor-element-1c9d3f0 elementor-widget elementor-widget-heading\" data-id=\"1c9d3f0\" data-element_type=\"widget\" data-widget_type=\"heading.default\">\n\t\t\t\t<div class=\"elementor-widget-container\">\n\t\t\t\t\t<h2 class=\"elementor-heading-title elementor-size-default\">Canais de Comunica\u00e7\u00e3o\n<\/h2>\t\t\t\t<\/div>\n\t\t\t\t<\/div>\n\t\t\t\t\t<\/div>\n\t\t<\/div>\n\t\t\t\t\t<\/div>\n\t\t<\/section>\n\t\t<div class=\"elementor-element elementor-element-703eaf09 e-flex e-con-boxed e-con e-parent\" data-id=\"703eaf09\" data-element_type=\"container\">\n\t\t\t\t\t<div class=\"e-con-inner\">\n\t\t<div class=\"elementor-element elementor-element-78843602 e-con-full e-flex e-con e-child\" data-id=\"78843602\" data-element_type=\"container\">\n\t\t\t\t<div class=\"elementor-element elementor-element-b5a7cf4 elementor-widget elementor-widget-image\" data-id=\"b5a7cf4\" data-element_type=\"widget\" data-widget_type=\"image.default\">\n\t\t\t\t<div class=\"elementor-widget-container\">\n\t\t\t\t\t\t\t\t\t\t\t\t\t\t\t<img fetchpriority=\"high\" decoding=\"async\" width=\"1024\" height=\"683\" src=\"https:\/\/files.adventistas.org\/gc\/pt\/2025\/06\/whatsapp-1024x683.jpg\" class=\"attachment-large size-large wp-image-810\" alt=\"\" srcset=\"https:\/\/files.adventistas.org\/gc\/pt\/2025\/06\/whatsapp-1024x683.jpg 1024w, https:\/\/files.adventistas.org\/gc\/pt\/2025\/06\/whatsapp-300x200.jpg 300w, https:\/\/files.adventistas.org\/gc\/pt\/2025\/06\/whatsapp-768x512.jpg 768w, https:\/\/files.adventistas.org\/gc\/pt\/2025\/06\/whatsapp-1536x1024.jpg 1536w, https:\/\/files.adventistas.org\/gc\/pt\/2025\/06\/whatsapp-2048x1366.jpg 2048w\" sizes=\"(max-width: 1024px) 100vw, 1024px\" \/>\t\t\t\t\t\t\t\t\t\t\t\t\t\t\t<\/div>\n\t\t\t\t<\/div>\n\t\t\t\t<div class=\"elementor-element elementor-element-541fbd76 elementor-widget elementor-widget-heading\" data-id=\"541fbd76\" data-element_type=\"widget\" data-widget_type=\"heading.default\">\n\t\t\t\t<div class=\"elementor-widget-container\">\n\t\t\t\t\t<h2 class=\"elementor-heading-title elementor-size-default\">Ingresse nos nossos canais, ative o sininho e receba todos os conte\u00fados diretamente no seu WhatsApp ou Telegram<\/h2>\t\t\t\t<\/div>\n\t\t\t\t<\/div>\n\t\t<div class=\"elementor-element elementor-element-5848254 e-con-full e-flex e-con e-child\" data-id=\"5848254\" data-element_type=\"container\">\n\t\t<div class=\"elementor-element elementor-element-9fb7fba e-con-full e-flex e-con e-child\" data-id=\"9fb7fba\" data-element_type=\"container\">\n\t\t\t\t<div class=\"elementor-element elementor-element-5b0f4c9 elementor-view-default elementor-widget elementor-widget-icon\" data-id=\"5b0f4c9\" data-element_type=\"widget\" data-widget_type=\"icon.default\">\n\t\t\t\t<div class=\"elementor-widget-container\">\n\t\t\t\t\t\t\t<div class=\"elementor-icon-wrapper\">\n\t\t\t<a class=\"elementor-icon\" href=\"https:\/\/whatsapp.com\/channel\/0029Va6uweTI1rcaGvjshN1y\" target=\"_blank\">\n\t\t\t<i aria-hidden=\"true\" class=\"fab fa-whatsapp-square\"><\/i>\t\t\t<\/a>\n\t\t<\/div>\n\t\t\t\t\t\t<\/div>\n\t\t\t\t<\/div>\n\t\t\t\t<div class=\"elementor-element elementor-element-f968ff1 elementor-widget elementor-widget-heading\" data-id=\"f968ff1\" data-element_type=\"widget\" data-widget_type=\"heading.default\">\n\t\t\t\t<div class=\"elementor-widget-container\">\n\t\t\t\t\t<h2 class=\"elementor-heading-title elementor-size-default\"><a href=\"https:\/\/whatsapp.com\/channel\/0029Va6uweTI1rcaGvjshN1y\" target=\"_blank\">WhatsApp<\/a><\/h2>\t\t\t\t<\/div>\n\t\t\t\t<\/div>\n\t\t\t\t<\/div>\n\t\t<div class=\"elementor-element elementor-element-7eeffa9 e-con-full e-flex e-con e-child\" data-id=\"7eeffa9\" data-element_type=\"container\">\n\t\t\t\t<div class=\"elementor-element elementor-element-27acdf4 elementor-view-default elementor-widget elementor-widget-icon\" data-id=\"27acdf4\" data-element_type=\"widget\" data-widget_type=\"icon.default\">\n\t\t\t\t<div class=\"elementor-widget-container\">\n\t\t\t\t\t\t\t<div class=\"elementor-icon-wrapper\">\n\t\t\t<a class=\"elementor-icon\" href=\"https:\/\/t.me\/noticiasadventistasbrasil\" target=\"_blank\">\n\t\t\t<i aria-hidden=\"true\" class=\"fab fa-telegram\"><\/i>\t\t\t<\/a>\n\t\t<\/div>\n\t\t\t\t\t\t<\/div>\n\t\t\t\t<\/div>\n\t\t\t\t<div class=\"elementor-element elementor-element-e8c0dec elementor-widget elementor-widget-heading\" data-id=\"e8c0dec\" data-element_type=\"widget\" data-widget_type=\"heading.default\">\n\t\t\t\t<div class=\"elementor-widget-container\">\n\t\t\t\t\t<h2 class=\"elementor-heading-title elementor-size-default\"><a href=\"https:\/\/t.me\/noticiasadventistasbrasil\" target=\"_blank\">Telegram<\/a><\/h2>\t\t\t\t<\/div>\n\t\t\t\t<\/div>\n\t\t\t\t<\/div>\n\t\t\t\t<\/div>\n\t\t\t\t<\/div>\n\t\t\t\t\t<\/div>\n\t\t\t\t<\/div>\n\t\t\t\t<\/div>\n\t\t","protected":false},"excerpt":{"rendered":"<p>Canais de Comunica\u00e7\u00e3o Ingresse nos nossos canais, ative o sininho e receba todos os conte\u00fados diretamente no seu WhatsApp ou Telegram WhatsApp Telegram<\/p>\n","protected":false},"author":1,"featured_media":0,"parent":0,"menu_order":0,"comment_status":"closed","template":"","meta":{"_acf_changed":false,"footnotes":""},"class_list":["post-730","page","type-page","status-publish","hentry"],"acf":[]}