{"id":77,"date":"2022-05-25T10:21:37","date_gmt":"2022-05-25T13:21:37","modified":"2025-06-19T15:37:18","modified_gmt":"2025-06-19T18:37:18","slug":"historia-das-assembleias-da-associacao-geral","status":"publish","type":"page","link":"https:\/\/gc.adventistas.org\/pt\/historia-das-assembleias-da-associacao-geral\/","title":{"rendered":"Hist\u00f3ria das Assembleias da Associa\u00e7\u00e3o Geral"},"content":{"rendered":"\t\t<div data-elementor-type=\"wp-page\" data-elementor-id=\"77\" class=\"elementor elementor-77\" data-elementor-post-type=\"page\">\n\t\t\t\t<div class=\"elementor-element elementor-element-d294397 e-flex e-con-boxed e-con e-parent\" data-id=\"d294397\" data-element_type=\"container\">\n\t\t\t\t\t<div class=\"e-con-inner\">\n\t\t\t\t<div class=\"elementor-element elementor-element-46bf3d3 elementor-widget elementor-widget-html\" data-id=\"46bf3d3\" data-element_type=\"widget\" data-widget_type=\"html.default\">\n\t\t\t\t<div class=\"elementor-widget-container\">\n\t\t\t\t\t<style>\n    .mainContent {\n        padding-top: 48px\n    }\n    \n    .mainContent article {\n            padding-bottom: 48px;\n    }\n\n    #main > div > div > article > header {\n        display: none;\n    }\n    \n    #main > div > div > article > footer > a.btn-grey.p-\\[18px\\] {\n        display: none;\n    }\n    \n    #main > div > div > article > footer > a.btn-secondary.py-3.px-6.text-base {\n        background: #203760;\n        color: white;\n        border-radius: 8px;\n        font-weight: 700;\n        height: 56px !important;\n        display: flex;\n        align-items: center;\n    }\n    \n    .font-informa-pro{\n        font-family: InformaPro !important;\n        font-weight: 400;\n    }\n    \n    .border-grey-light {\n        border-color: transparent !important;\n    }\n    \n    .pageTitle {\n        padding-top: 56px;\n        padding-bottom: 48px;\n    }\n    \n    @media (max-width: 768px) {\n        .border-grey-light {\n            display: flex\n;\n    justify-content: center;\n    margin-bottom: -20px;\n        }\n        \n        .mainContent {\n        padding-top: 48px;\n    padding-left: 0;\n    padding-right: 0;\n        }\n    }\n<\/style>\n\t\t\t\t<\/div>\n\t\t\t\t<\/div>\n\t\t\t\t\t<\/div>\n\t\t\t\t<\/div>\n\t\t\t\t<section class=\"elementor-section elementor-top-section elementor-element elementor-element-442e8c0 elementor-section-boxed elementor-section-height-default elementor-section-height-default\" data-id=\"442e8c0\" data-element_type=\"section\">\n\t\t\t\t\t\t<div class=\"elementor-container elementor-column-gap-default\">\n\t\t\t\t\t<div class=\"elementor-column elementor-col-100 elementor-top-column elementor-element elementor-element-3e9f8ef\" data-id=\"3e9f8ef\" data-element_type=\"column\">\n\t\t\t<div class=\"elementor-widget-wrap elementor-element-populated\">\n\t\t\t\t\t\t<div class=\"elementor-element elementor-element-c5dec83 elementor-widget elementor-widget-heading\" data-id=\"c5dec83\" data-element_type=\"widget\" data-widget_type=\"heading.default\">\n\t\t\t\t<div class=\"elementor-widget-container\">\n\t\t\t\t\t<span class=\"elementor-heading-title elementor-size-default\">Sobre n\u00f3s<\/span>\t\t\t\t<\/div>\n\t\t\t\t<\/div>\n\t\t\t\t<div class=\"elementor-element elementor-element-593e60f elementor-widget elementor-widget-heading\" data-id=\"593e60f\" data-element_type=\"widget\" data-widget_type=\"heading.default\">\n\t\t\t\t<div class=\"elementor-widget-container\">\n\t\t\t\t\t<h1 class=\"elementor-heading-title elementor-size-default\">Nossa hist\u00f3ria<\/h1>\t\t\t\t<\/div>\n\t\t\t\t<\/div>\n\t\t\t\t<div class=\"elementor-element elementor-element-1f74837 font-informa-pro elementor-widget elementor-widget-text-editor\" data-id=\"1f74837\" data-element_type=\"widget\" data-widget_type=\"text-editor.default\">\n\t\t\t\t<div class=\"elementor-widget-container\">\n\t\t\t\t\t\t\t\t\t<p>F\u00e9, conex\u00e3o e prop\u00f3sito<\/p>\t\t\t\t\t\t\t\t<\/div>\n\t\t\t\t<\/div>\n\t\t\t\t<div class=\"elementor-element elementor-element-af6613b elementor-hidden-desktop elementor-widget-divider--view-line elementor-widget elementor-widget-divider\" data-id=\"af6613b\" data-element_type=\"widget\" data-widget_type=\"divider.default\">\n\t\t\t\t<div class=\"elementor-widget-container\">\n\t\t\t\t\t\t\t<div class=\"elementor-divider\">\n\t\t\t<span class=\"elementor-divider-separator\">\n\t\t\t\t\t\t<\/span>\n\t\t<\/div>\n\t\t\t\t\t\t<\/div>\n\t\t\t\t<\/div>\n\t\t\t\t\t<\/div>\n\t\t<\/div>\n\t\t\t\t\t<\/div>\n\t\t<\/section>\n\t\t<div class=\"elementor-element elementor-element-d9defa2 e-flex e-con-boxed e-con e-parent\" data-id=\"d9defa2\" data-element_type=\"container\">\n\t\t\t\t\t<div class=\"e-con-inner\">\n\t\t<div class=\"elementor-element elementor-element-b1e3226 e-con-full elementor-hidden-tablet e-flex e-con e-child\" data-id=\"b1e3226\" data-element_type=\"container\" data-settings=\"{&quot;background_background&quot;:&quot;classic&quot;}\">\n\t\t\t\t<\/div>\n\t\t<div class=\"elementor-element elementor-element-d684a17 e-con-full e-flex e-con e-child\" data-id=\"d684a17\" data-element_type=\"container\">\n\t\t\t\t<div class=\"elementor-element elementor-element-f50df52 elementor-hidden-desktop elementor-hidden-tablet elementor-hidden-mobile elementor-widget elementor-widget-heading\" data-id=\"f50df52\" data-element_type=\"widget\" data-widget_type=\"heading.default\">\n\t\t\t\t<div class=\"elementor-widget-container\">\n\t\t\t\t\t<span class=\"elementor-heading-title elementor-size-default\">Conhe\u00e7a a Igreja Viva<\/span>\t\t\t\t<\/div>\n\t\t\t\t<\/div>\n\t\t\t\t<div class=\"elementor-element elementor-element-aa3a724 elementor-widget elementor-widget-heading\" data-id=\"aa3a724\" data-element_type=\"widget\" data-widget_type=\"heading.default\">\n\t\t\t\t<div class=\"elementor-widget-container\">\n\t\t\t\t\t<h2 class=\"elementor-heading-title elementor-size-default\">Movimento e<\/h2>\t\t\t\t<\/div>\n\t\t\t\t<\/div>\n\t\t\t\t<div class=\"elementor-element elementor-element-d9ea5c8 elementor-widget elementor-widget-heading\" data-id=\"d9ea5c8\" data-element_type=\"widget\" data-widget_type=\"heading.default\">\n\t\t\t\t<div class=\"elementor-widget-container\">\n\t\t\t\t\t<h3 class=\"elementor-heading-title elementor-size-default\">Ess\u00eancia<\/h3>\t\t\t\t<\/div>\n\t\t\t\t<\/div>\n\t\t\t\t<div class=\"elementor-element elementor-element-1efb185 font-informa-pro elementor-widget elementor-widget-text-editor\" data-id=\"1efb185\" data-element_type=\"widget\" data-widget_type=\"text-editor.default\">\n\t\t\t\t<div class=\"elementor-widget-container\">\n\t\t\t\t\t\t\t\t\t<p>A\u00a0Assembleia da Associa\u00e7\u00e3o Geral\u00a0\u00e9 o principal f\u00f3rum para eleger os l\u00edderes da Igreja Adventista do S\u00e9timo Dia em todo o mundo e discutir mudan\u00e7as em sua Constitui\u00e7\u00e3o. Com representantes das 13 regi\u00f5es administrativas da Igreja, os delegados participam desse evento com foco na diversidade de g\u00eanero, idade, experi\u00eancia e nacionalidades, fortalecendo a miss\u00e3o e a vis\u00e3o da Igreja como um movimento global.<\/p><p class=\"p1\">Inspirado por esses princ\u00edpios e pelo desejo de fortalecer la\u00e7os comunit\u00e1rios, o encontro busca reacender\u00a0a esperan\u00e7a, incentivar a transforma\u00e7\u00e3o pessoal e unir a comunidade por meio da adora\u00e7\u00e3o, aprendizado e servi\u00e7o.\u00a0<\/p>\t\t\t\t\t\t\t\t<\/div>\n\t\t\t\t<\/div>\n\t\t\t\t<\/div>\n\t\t\t\t\t<\/div>\n\t\t\t\t<\/div>\n\t\t<div class=\"elementor-element elementor-element-661d28b elementor-hidden-desktop elementor-hidden-tablet elementor-hidden-mobile e-flex e-con-boxed e-con e-parent\" data-id=\"661d28b\" data-element_type=\"container\" data-settings=\"{&quot;background_background&quot;:&quot;classic&quot;}\">\n\t\t\t\t\t<div class=\"e-con-inner\">\n\t\t<div class=\"elementor-element elementor-element-d76e002 e-con-full elementor-hidden-mobile e-flex e-con e-child\" data-id=\"d76e002\" data-element_type=\"container\">\n\t\t\t\t<\/div>\n\t\t<div class=\"elementor-element elementor-element-4b27e6f e-con-full e-flex e-con e-child\" data-id=\"4b27e6f\" data-element_type=\"container\">\n\t\t\t\t<div class=\"elementor-element elementor-element-b5d57a1 elementor-widget elementor-widget-heading\" data-id=\"b5d57a1\" data-element_type=\"widget\" data-widget_type=\"heading.default\">\n\t\t\t\t<div class=\"elementor-widget-container\">\n\t\t\t\t\t<span class=\"elementor-heading-title elementor-size-default\">Transforma\u00e7\u00f5es<\/span>\t\t\t\t<\/div>\n\t\t\t\t<\/div>\n\t\t\t\t<div class=\"elementor-element elementor-element-0bd7632 elementor-widget elementor-widget-heading\" data-id=\"0bd7632\" data-element_type=\"widget\" data-widget_type=\"heading.default\">\n\t\t\t\t<div class=\"elementor-widget-container\">\n\t\t\t\t\t<h3 class=\"elementor-heading-title elementor-size-default\">A JORNADA<\/h3>\t\t\t\t<\/div>\n\t\t\t\t<\/div>\n\t\t\t\t<div class=\"elementor-element elementor-element-3b006b9 elementor-widget__width-initial font-informa-pro elementor-widget elementor-widget-text-editor\" data-id=\"3b006b9\" data-element_type=\"widget\" data-widget_type=\"text-editor.default\">\n\t\t\t\t<div class=\"elementor-widget-container\">\n\t\t\t\t\t\t\t\t\t<p>A\u00a0Assembleia da Associa\u00e7\u00e3o Geral\u00a0\u00e9 o principal f\u00f3rum para eleger os l\u00edderes da Igreja Adventista do S\u00e9timo Dia em todo o mundo e discutir mudan\u00e7as em sua Constitui\u00e7\u00e3o. Com representantes das 13 regi\u00f5es administrativas da Igreja, os delegados participam desse evento com foco na diversidade de g\u00eanero, idade, experi\u00eancia e nacionalidades, fortalecendo a miss\u00e3o e a vis\u00e3o da Igreja como um movimento global.<\/p><p>Inspirado por esses princ\u00edpios e pelo desejo de fortalecer la\u00e7os comunit\u00e1rios, o evento\u00a0Igreja Viva\u00a0surgiu como um movimento para reacender a esperan\u00e7a, incentivar a transforma\u00e7\u00e3o pessoal e unir a comunidade por meio da adora\u00e7\u00e3o, aprendizado e servi\u00e7o.\u00a0<\/p>\t\t\t\t\t\t\t\t<\/div>\n\t\t\t\t<\/div>\n\t\t\t\t<\/div>\n\t\t\t\t\t<\/div>\n\t\t\t\t<\/div>\n\t\t<div class=\"elementor-element elementor-element-0495421 e-flex e-con-boxed e-con e-parent\" data-id=\"0495421\" data-element_type=\"container\">\n\t\t\t\t\t<div class=\"e-con-inner\">\n\t\t<div class=\"elementor-element elementor-element-bd9251f e-con-full e-flex e-con e-child\" data-id=\"bd9251f\" data-element_type=\"container\">\n\t\t\t\t<div class=\"elementor-element elementor-element-3744267 elementor-widget elementor-widget-heading\" data-id=\"3744267\" data-element_type=\"widget\" data-widget_type=\"heading.default\">\n\t\t\t\t<div class=\"elementor-widget-container\">\n\t\t\t\t\t<h2 class=\"elementor-heading-title elementor-size-default\">Do Passado ao Presente<\/h2>\t\t\t\t<\/div>\n\t\t\t\t<\/div>\n\t\t<div class=\"elementor-element elementor-element-9acd7b7 e-con-full e-flex e-con e-child\" data-id=\"9acd7b7\" data-element_type=\"container\">\n\t\t\t\t<div class=\"elementor-element elementor-element-20de7f9 elementor-widget__width-initial elementor-widget elementor-widget-heading\" data-id=\"20de7f9\" data-element_type=\"widget\" data-widget_type=\"heading.default\">\n\t\t\t\t<div class=\"elementor-widget-container\">\n\t\t\t\t\t<h3 class=\"elementor-heading-title elementor-size-default\">In\u00edcio da<\/h3>\t\t\t\t<\/div>\n\t\t\t\t<\/div>\n\t\t\t\t<div class=\"elementor-element elementor-element-aa41ea3 elementor-widget__width-initial elementor-widget elementor-widget-heading\" data-id=\"aa41ea3\" data-element_type=\"widget\" data-widget_type=\"heading.default\">\n\t\t\t\t<div class=\"elementor-widget-container\">\n\t\t\t\t\t<h3 class=\"elementor-heading-title elementor-size-default\">Assembleia<\/h3>\t\t\t\t<\/div>\n\t\t\t\t<\/div>\n\t\t\t\t<\/div>\n\t\t\t\t<div class=\"elementor-element elementor-element-db7518e font-informa-pro elementor-widget elementor-widget-text-editor\" data-id=\"db7518e\" data-element_type=\"widget\" data-widget_type=\"text-editor.default\">\n\t\t\t\t<div class=\"elementor-widget-container\">\n\t\t\t\t\t\t\t\t\t<p>Em 1863, l\u00edderes adventistas se reuniram em Battle Creek, Michigan, com o prop\u00f3sito de organizar a Associa\u00e7\u00e3o Geral, escolhendo o presidente e o secret\u00e1rio e redigindo a Constitui\u00e7\u00e3o e o regulamento interno. Durante a reuni\u00e3o, tamb\u00e9m foi estabelecida a lideran\u00e7a da Associa\u00e7\u00e3o, composta por presidente, secret\u00e1rio e tesoureiro \u2014 estrutura que permanece at\u00e9 hoje.<\/p><p>Battle Creek sediou 26 das 31 primeiras Assembleias. A primeira Assembleia a oeste do Rio Mississippi aconteceu em Oakland, Calif\u00f3rnia, em 1887. Tr\u00eas vezes foi realizada fora dos EUA: na \u00c1ustria em 1975, na Holanda em 1995 e no Canad\u00e1 em 2000. St. Louis ser\u00e1 o local da 62\u00aa Assembleia.<\/p>\t\t\t\t\t\t\t\t<\/div>\n\t\t\t\t<\/div>\n\t\t\t\t<\/div>\n\t\t<div class=\"elementor-element elementor-element-c6d686f e-con-full e-flex e-con e-child\" data-id=\"c6d686f\" data-element_type=\"container\" data-settings=\"{&quot;background_background&quot;:&quot;classic&quot;}\">\n\t\t\t\t<\/div>\n\t\t\t\t\t<\/div>\n\t\t\t\t<\/div>\n\t\t<div class=\"elementor-element elementor-element-6b6fdbc elementor-hidden-desktop elementor-hidden-tablet elementor-hidden-mobile e-flex e-con-boxed e-con e-parent\" data-id=\"6b6fdbc\" data-element_type=\"container\">\n\t\t\t\t\t<div class=\"e-con-inner\">\n\t\t<div class=\"elementor-element elementor-element-72ef199 e-con-full e-flex e-con e-child\" data-id=\"72ef199\" data-element_type=\"container\">\n\t\t\t\t<div class=\"elementor-element elementor-element-e24737d elementor-widget elementor-widget-heading\" data-id=\"e24737d\" data-element_type=\"widget\" data-widget_type=\"heading.default\">\n\t\t\t\t<div class=\"elementor-widget-container\">\n\t\t\t\t\t<span class=\"elementor-heading-title elementor-size-default\">F\u00e9 que Transforma<\/span>\t\t\t\t<\/div>\n\t\t\t\t<\/div>\n\t\t\t\t<div class=\"elementor-element elementor-element-793d550 elementor-widget elementor-widget-heading\" data-id=\"793d550\" data-element_type=\"widget\" data-widget_type=\"heading.default\">\n\t\t\t\t<div class=\"elementor-widget-container\">\n\t\t\t\t\t<h3 class=\"elementor-heading-title elementor-size-default\">Miss\u00e3o em<\/h3>\t\t\t\t<\/div>\n\t\t\t\t<\/div>\n\t\t\t\t<div class=\"elementor-element elementor-element-450fc50 elementor-widget__width-initial elementor-widget elementor-widget-heading\" data-id=\"450fc50\" data-element_type=\"widget\" data-widget_type=\"heading.default\">\n\t\t\t\t<div class=\"elementor-widget-container\">\n\t\t\t\t\t<h3 class=\"elementor-heading-title elementor-size-default\">Movimento<\/h3>\t\t\t\t<\/div>\n\t\t\t\t<\/div>\n\t\t\t\t<div class=\"elementor-element elementor-element-63433d2 font-informa-pro elementor-widget elementor-widget-text-editor\" data-id=\"63433d2\" data-element_type=\"widget\" data-widget_type=\"text-editor.default\">\n\t\t\t\t<div class=\"elementor-widget-container\">\n\t\t\t\t\t\t\t\t\tA\u00a0Igreja Viva\u00a0compartilha a miss\u00e3o Adventista ao buscar esperan\u00e7a e servir com amor. Assim como os primeiros l\u00edderes, a conex\u00e3o \u00e9 fortalecida por experi\u00eancias que renovam prop\u00f3sitos, fortalecem la\u00e7os e transformam realidades por meio da f\u00e9 e da adora\u00e7\u00e3o.\t\t\t\t\t\t\t\t<\/div>\n\t\t\t\t<\/div>\n\t\t\t\t<\/div>\n\t\t<div class=\"elementor-element elementor-element-515f256 e-con-full e-flex e-con e-child\" data-id=\"515f256\" data-element_type=\"container\" data-settings=\"{&quot;background_background&quot;:&quot;classic&quot;}\">\n\t\t\t\t<div class=\"elementor-element elementor-element-0739b41 elementor-widget__width-initial elementor-widget elementor-widget-heading\" data-id=\"0739b41\" data-element_type=\"widget\" data-widget_type=\"heading.default\">\n\t\t\t\t<div class=\"elementor-widget-container\">\n\t\t\t\t\t<h2 class=\"elementor-heading-title elementor-size-default\">Redescobrindo \no Prop\u00f3sito Individual<\/h2>\t\t\t\t<\/div>\n\t\t\t\t<\/div>\n\t\t\t\t<div class=\"elementor-element elementor-element-a2d3e04 font-informa-pro elementor-widget elementor-widget-text-editor\" data-id=\"a2d3e04\" data-element_type=\"widget\" data-widget_type=\"text-editor.default\">\n\t\t\t\t<div class=\"elementor-widget-container\">\n\t\t\t\t\t\t\t\t\tPor meio da f\u00e9 e do servi\u00e7o, cada pessoa redescobre sua miss\u00e3o e conex\u00e3o com Deus, estimulando uma jornada de compromisso espiritual e autoconhecimento.\t\t\t\t\t\t\t\t<\/div>\n\t\t\t\t<\/div>\n\t\t\t\t<\/div>\n\t\t<div class=\"elementor-element elementor-element-f3352c3 e-con-full e-flex e-con e-child\" data-id=\"f3352c3\" data-element_type=\"container\" data-settings=\"{&quot;background_background&quot;:&quot;classic&quot;}\">\n\t\t\t\t<div class=\"elementor-element elementor-element-f8f1369 elementor-widget__width-initial elementor-widget elementor-widget-heading\" data-id=\"f8f1369\" data-element_type=\"widget\" data-widget_type=\"heading.default\">\n\t\t\t\t<div class=\"elementor-widget-container\">\n\t\t\t\t\t<h2 class=\"elementor-heading-title elementor-size-default\">Transforma\u00e7\u00e3o Social \nAtrav\u00e9s do Servi\u00e7o<\/h2>\t\t\t\t<\/div>\n\t\t\t\t<\/div>\n\t\t\t\t<div class=\"elementor-element elementor-element-e184b1d font-informa-pro elementor-widget elementor-widget-text-editor\" data-id=\"e184b1d\" data-element_type=\"widget\" data-widget_type=\"text-editor.default\">\n\t\t\t\t<div class=\"elementor-widget-container\">\n\t\t\t\t\t\t\t\t\tIncentivamos a\u00e7\u00f5es pr\u00e1ticas e servi\u00e7o comunit\u00e1rio, levando esperan\u00e7a e amor \u00e0s pessoas em situa\u00e7\u00e3o de vulnerabilidade.\t\t\t\t\t\t\t\t<\/div>\n\t\t\t\t<\/div>\n\t\t\t\t<\/div>\n\t\t\t\t\t<\/div>\n\t\t\t\t<\/div>\n\t\t<div class=\"elementor-element elementor-element-171da8c elementor-hidden-desktop elementor-hidden-tablet elementor-hidden-mobile e-flex e-con-boxed e-con e-parent\" data-id=\"171da8c\" data-element_type=\"container\">\n\t\t\t\t\t<div class=\"e-con-inner\">\n\t\t<div class=\"elementor-element elementor-element-af20a91 e-con-full e-flex e-con e-child\" data-id=\"af20a91\" data-element_type=\"container\" data-settings=\"{&quot;background_background&quot;:&quot;classic&quot;}\">\n\t\t\t\t<div class=\"elementor-element elementor-element-b02e005 elementor-widget__width-initial elementor-widget elementor-widget-heading\" data-id=\"b02e005\" data-element_type=\"widget\" data-widget_type=\"heading.default\">\n\t\t\t\t<div class=\"elementor-widget-container\">\n\t\t\t\t\t<h2 class=\"elementor-heading-title elementor-size-default\">Da F\u00e9 Passiva ao Compromisso Ativo<\/h2>\t\t\t\t<\/div>\n\t\t\t\t<\/div>\n\t\t\t\t<div class=\"elementor-element elementor-element-ccd289a font-informa-pro elementor-widget elementor-widget-text-editor\" data-id=\"ccd289a\" data-element_type=\"widget\" data-widget_type=\"text-editor.default\">\n\t\t\t\t<div class=\"elementor-widget-container\">\n\t\t\t\t\t\t\t\t\tO evento convida os participantes a sair da zona de conforto e transformar sua experi\u00eancia de f\u00e9 em um compromisso ativo com a miss\u00e3o.\t\t\t\t\t\t\t\t<\/div>\n\t\t\t\t<\/div>\n\t\t\t\t<\/div>\n\t\t<div class=\"elementor-element elementor-element-72e5a81 e-con-full e-flex e-con e-child\" data-id=\"72e5a81\" data-element_type=\"container\" data-settings=\"{&quot;background_background&quot;:&quot;classic&quot;}\">\n\t\t\t\t<div class=\"elementor-element elementor-element-83f9147 elementor-widget__width-initial elementor-widget elementor-widget-heading\" data-id=\"83f9147\" data-element_type=\"widget\" data-widget_type=\"heading.default\">\n\t\t\t\t<div class=\"elementor-widget-container\">\n\t\t\t\t\t<h2 class=\"elementor-heading-title elementor-size-default\">Esperan\u00e7a \npara o Amanh\u00e3<\/h2>\t\t\t\t<\/div>\n\t\t\t\t<\/div>\n\t\t\t\t<div class=\"elementor-element elementor-element-47e7a16 font-informa-pro elementor-widget elementor-widget-text-editor\" data-id=\"47e7a16\" data-element_type=\"widget\" data-widget_type=\"text-editor.default\">\n\t\t\t\t<div class=\"elementor-widget-container\">\n\t\t\t\t\t\t\t\t\tOs encontros fortalecem la\u00e7os globais, promovendo comunh\u00e3o, troca de experi\u00eancias e a certeza de um futuro de esperan\u00e7a.\t\t\t\t\t\t\t\t<\/div>\n\t\t\t\t<\/div>\n\t\t\t\t<\/div>\n\t\t<div class=\"elementor-element elementor-element-a012ce3 e-con-full e-flex e-con e-child\" data-id=\"a012ce3\" data-element_type=\"container\" data-settings=\"{&quot;background_background&quot;:&quot;classic&quot;}\">\n\t\t\t\t<div class=\"elementor-element elementor-element-b77264d elementor-widget__width-initial elementor-widget elementor-widget-heading\" data-id=\"b77264d\" data-element_type=\"widget\" data-widget_type=\"heading.default\">\n\t\t\t\t<div class=\"elementor-widget-container\">\n\t\t\t\t\t<h2 class=\"elementor-heading-title elementor-size-default\">Hist\u00f3rias, Culturas e F\u00e9<\/h2>\t\t\t\t<\/div>\n\t\t\t\t<\/div>\n\t\t\t\t<div class=\"elementor-element elementor-element-8337212 font-informa-pro elementor-widget elementor-widget-text-editor\" data-id=\"8337212\" data-element_type=\"widget\" data-widget_type=\"text-editor.default\">\n\t\t\t\t<div class=\"elementor-widget-container\">\n\t\t\t\t\t\t\t\t\tCriamosriam um espa\u00e7o para acolher hist\u00f3rias, experi\u00eancias e tradi\u00e7\u00f5es diversas, fortalecendo a uni\u00e3o da igreja global e celebrando a diversidade como parte da miss\u00e3o comum.\t\t\t\t\t\t\t\t<\/div>\n\t\t\t\t<\/div>\n\t\t\t\t<\/div>\n\t\t\t\t\t<\/div>\n\t\t\t\t<\/div>\n\t\t<div class=\"elementor-element elementor-element-907c586 e-flex e-con-boxed e-con e-parent\" data-id=\"907c586\" data-element_type=\"container\">\n\t\t\t\t\t<div class=\"e-con-inner\">\n\t\t<div class=\"elementor-element elementor-element-155ea8a e-con-full e-flex e-con e-child\" data-id=\"155ea8a\" data-element_type=\"container\">\n\t\t\t\t<div class=\"elementor-element elementor-element-b5ea487 elementor-widget elementor-widget-heading\" data-id=\"b5ea487\" data-element_type=\"widget\" data-widget_type=\"heading.default\">\n\t\t\t\t<div class=\"elementor-widget-container\">\n\t\t\t\t\t<span class=\"elementor-heading-title elementor-size-default\">Assembleia ao longo dos anos<\/span>\t\t\t\t<\/div>\n\t\t\t\t<\/div>\n\t\t<div class=\"elementor-element elementor-element-283ecc7 e-con-full e-flex e-con e-child\" data-id=\"283ecc7\" data-element_type=\"container\">\n\t\t\t\t<div class=\"elementor-element elementor-element-6ff8f67 elementor-widget__width-initial elementor-widget elementor-widget-heading\" data-id=\"6ff8f67\" data-element_type=\"widget\" data-widget_type=\"heading.default\">\n\t\t\t\t<div class=\"elementor-widget-container\">\n\t\t\t\t\t<h3 class=\"elementor-heading-title elementor-size-default\">Frequ\u00eancia e <\/h3>\t\t\t\t<\/div>\n\t\t\t\t<\/div>\n\t\t\t\t<div class=\"elementor-element elementor-element-2867895 elementor-widget__width-initial elementor-widget elementor-widget-heading\" data-id=\"2867895\" data-element_type=\"widget\" data-widget_type=\"heading.default\">\n\t\t\t\t<div class=\"elementor-widget-container\">\n\t\t\t\t\t<h3 class=\"elementor-heading-title elementor-size-default\">Palcos<\/h3>\t\t\t\t<\/div>\n\t\t\t\t<\/div>\n\t\t\t\t<\/div>\n\t\t\t\t<div class=\"elementor-element elementor-element-bcd5b2d font-informa-pro elementor-widget elementor-widget-text-editor\" data-id=\"bcd5b2d\" data-element_type=\"widget\" data-widget_type=\"text-editor.default\">\n\t\t\t\t<div class=\"elementor-widget-container\">\n\t\t\t\t\t\t\t\t\t<p>Com o tempo, o intervalo entre as Assembleias da Associa\u00e7\u00e3o Geral foi se ajustando. Inicialmente anuais at\u00e9 1891, passaram a ocorrer a cada dois anos at\u00e9 1905. Depois, o intervalo foi estabelecido a cada quatro anos, com pausas durante eventos hist\u00f3ricos como a 1\u00aa Guerra Mundial e a Grande Depress\u00e3o. Em 1970, conforme a Constitui\u00e7\u00e3o da Igreja Adventista, foi ajustada para a cada cinco anos.<\/p><p>\u00a0<\/p><p>As assembleias mais recentes t\u00eam sido realizadas em grandes est\u00e1dios de beisebol e futebol nos EUA, Canad\u00e1 e Europa, com capacidade para mais de 70 mil participantes. Esses locais possuem equipe de apoio em ingl\u00eas, transporte acess\u00edvel e seguran\u00e7a alimentar, atendendo \u00e0s exig\u00eancias log\u00edsticas para acomodar delegados e participantes em um evento de escala global.<\/p>\t\t\t\t\t\t\t\t<\/div>\n\t\t\t\t<\/div>\n\t\t\t\t<\/div>\n\t\t<div class=\"elementor-element elementor-element-db21344 e-con-full e-flex e-con e-child\" data-id=\"db21344\" data-element_type=\"container\" data-settings=\"{&quot;background_background&quot;:&quot;classic&quot;}\">\n\t\t\t\t<\/div>\n\t\t\t\t\t<\/div>\n\t\t\t\t<\/div>\n\t\t\t\t<\/div>\n\t\t","protected":false},"excerpt":{"rendered":"<p>Sobre n\u00f3s Nossa hist\u00f3ria F\u00e9, conex\u00e3o e prop\u00f3sito Conhe\u00e7a a Igreja Viva Movimento e Ess\u00eancia A\u00a0Assembleia da Associa\u00e7\u00e3o Geral\u00a0\u00e9 o principal f\u00f3rum para eleger os l\u00edderes da Igreja Adventista do S\u00e9timo Dia em todo o mundo e discutir mudan\u00e7as em sua Constitui\u00e7\u00e3o. Com representantes das 13 regi\u00f5es administrativas da Igreja, os delegados participam desse evento &hellip; <a href=\"https:\/\/gc.adventistas.org\/pt\/historia-das-assembleias-da-associacao-geral\/\">Continued<\/a><\/p>\n","protected":false},"author":1,"featured_media":0,"parent":0,"menu_order":0,"comment_status":"closed","template":"","meta":{"_acf_changed":false,"footnotes":""},"class_list":["post-77","page","type-page","status-publish","hentry"],"acf":[]}